{"id":4001,"date":"2021-03-22T15:06:09","date_gmt":"2021-03-22T14:06:09","guid":{"rendered":"http:\/\/bmgroupanodizzazione.com\/qualita\/"},"modified":"2021-11-25T16:55:52","modified_gmt":"2021-11-25T15:55:52","slug":"qualita","status":"publish","type":"page","link":"https:\/\/bmgroupanodizzazione.com\/de\/qualita\/","title":{"rendered":"Qualit\u00e4t"},"content":{"rendered":"\t\t<div data-elementor-type=\"wp-page\" data-elementor-id=\"4001\" class=\"elementor elementor-4001 elementor-1810\" data-elementor-post-type=\"page\">\n\t\t\t\t\t\t<section class=\"elementor-section elementor-top-section elementor-element elementor-element-5cddb361 elementor-section-height-min-height elementor-section-items-stretch elementor-section-full_width elementor-section-height-default\" data-id=\"5cddb361\" data-element_type=\"section\" data-e-type=\"section\" data-settings=\"{&quot;jet_parallax_layout_list&quot;:[{&quot;_id&quot;:&quot;c5f1fd7&quot;,&quot;jet_parallax_layout_speed&quot;:{&quot;unit&quot;:&quot;%&quot;,&quot;size&quot;:&quot;50&quot;,&quot;sizes&quot;:[]},&quot;jet_parallax_layout_bg_x&quot;:&quot;50&quot;,&quot;jet_parallax_layout_bg_y&quot;:&quot;50&quot;,&quot;jet_parallax_layout_image&quot;:{&quot;url&quot;:&quot;&quot;,&quot;id&quot;:&quot;&quot;,&quot;size&quot;:&quot;&quot;},&quot;jet_parallax_layout_image_tablet&quot;:{&quot;url&quot;:&quot;&quot;,&quot;id&quot;:&quot;&quot;,&quot;size&quot;:&quot;&quot;},&quot;jet_parallax_layout_image_mobile&quot;:{&quot;url&quot;:&quot;&quot;,&quot;id&quot;:&quot;&quot;,&quot;size&quot;:&quot;&quot;},&quot;jet_parallax_layout_type&quot;:&quot;scroll&quot;,&quot;jet_parallax_layout_direction&quot;:&quot;1&quot;,&quot;jet_parallax_layout_fx_direction&quot;:null,&quot;jet_parallax_layout_z_index&quot;:&quot;&quot;,&quot;jet_parallax_layout_bg_x_tablet&quot;:&quot;&quot;,&quot;jet_parallax_layout_bg_x_mobile&quot;:&quot;&quot;,&quot;jet_parallax_layout_bg_y_tablet&quot;:&quot;&quot;,&quot;jet_parallax_layout_bg_y_mobile&quot;:&quot;&quot;,&quot;jet_parallax_layout_bg_size&quot;:&quot;auto&quot;,&quot;jet_parallax_layout_bg_size_tablet&quot;:&quot;&quot;,&quot;jet_parallax_layout_bg_size_mobile&quot;:&quot;&quot;,&quot;jet_parallax_layout_animation_prop&quot;:&quot;transform&quot;,&quot;jet_parallax_layout_on&quot;:[&quot;desktop&quot;,&quot;tablet&quot;]}],&quot;background_background&quot;:&quot;classic&quot;}\">\n\t\t\t\t\t\t\t<div class=\"elementor-background-overlay\"><\/div>\n\t\t\t\t\t\t\t<div class=\"elementor-container elementor-column-gap-default\">\n\t\t\t\t\t<div class=\"elementor-column elementor-col-100 elementor-top-column elementor-element elementor-element-475f36ea\" data-id=\"475f36ea\" data-element_type=\"column\" data-e-type=\"column\">\n\t\t\t<div class=\"elementor-widget-wrap elementor-element-populated\">\n\t\t\t\t\t\t<div class=\"elementor-element elementor-element-d42bdc8 elementor-widget elementor-widget-spacer\" data-id=\"d42bdc8\" data-element_type=\"widget\" data-e-type=\"widget\" data-widget_type=\"spacer.default\">\n\t\t\t\t<div class=\"elementor-widget-container\">\n\t\t\t\t\t\t\t<div class=\"elementor-spacer\">\n\t\t\t<div class=\"elementor-spacer-inner\"><\/div>\n\t\t<\/div>\n\t\t\t\t\t\t<\/div>\n\t\t\t\t<\/div>\n\t\t\t\t<div class=\"elementor-element elementor-element-118f2c0e elementor-mobile-align-center elementor-align-center elementor-widget elementor-widget-raven-heading\" data-id=\"118f2c0e\" data-element_type=\"widget\" data-e-type=\"widget\" data-widget_type=\"raven-heading.default\">\n\t\t\t\t<div class=\"elementor-widget-container\">\n\t\t\t\t\t\t\t<div class=\"raven-widget-wrapper\"><h1 class=\"raven-heading raven-heading-h1\"><span class=\"raven-heading-title \">Qualit\u00e4t<\/span><\/h1><\/div>\n\t\t\t\t\t\t<\/div>\n\t\t\t\t<\/div>\n\t\t\t\t<div class=\"elementor-element elementor-element-55ac9ea2 elementor-mobile-align-center elementor-align-center elementor-widget elementor-widget-raven-breadcrumbs\" data-id=\"55ac9ea2\" data-element_type=\"widget\" data-e-type=\"widget\" data-widget_type=\"raven-breadcrumbs.default\">\n\t\t\t\t<div class=\"elementor-widget-container\">\n\t\t\t\t\t<div class=\"raven-breadcrumbs raven-breadcrumbs-default\"><div class=\"breadcrumb\">\t\t\t\t<div class=\"breadcrumb-item active\" aria-current=\"page\"><span>Home<\/span><\/div>\n\n\t\t\t\t<\/div><\/div>\t\t\t\t<\/div>\n\t\t\t\t<\/div>\n\t\t\t\t\t<\/div>\n\t\t<\/div>\n\t\t\t\t\t<\/div>\n\t\t<\/section>\n\t\t\t\t<section class=\"elementor-section elementor-top-section elementor-element elementor-element-4249df58 elementor-section-boxed elementor-section-height-default elementor-section-height-default\" data-id=\"4249df58\" data-element_type=\"section\" data-e-type=\"section\" data-settings=\"{&quot;jet_parallax_layout_list&quot;:[{&quot;_id&quot;:&quot;f5f2596&quot;,&quot;jet_parallax_layout_speed&quot;:{&quot;unit&quot;:&quot;%&quot;,&quot;size&quot;:100,&quot;sizes&quot;:[]},&quot;jet_parallax_layout_bg_x&quot;:&quot;50&quot;,&quot;jet_parallax_layout_bg_y&quot;:&quot;50&quot;,&quot;jet_parallax_layout_type&quot;:&quot;none&quot;,&quot;jet_parallax_layout_on&quot;:[],&quot;jet_parallax_layout_image&quot;:{&quot;url&quot;:&quot;&quot;,&quot;id&quot;:&quot;&quot;,&quot;size&quot;:&quot;&quot;},&quot;jet_parallax_layout_image_tablet&quot;:{&quot;url&quot;:&quot;&quot;,&quot;id&quot;:&quot;&quot;,&quot;size&quot;:&quot;&quot;},&quot;jet_parallax_layout_image_mobile&quot;:{&quot;url&quot;:&quot;&quot;,&quot;id&quot;:&quot;&quot;,&quot;size&quot;:&quot;&quot;},&quot;jet_parallax_layout_direction&quot;:null,&quot;jet_parallax_layout_fx_direction&quot;:null,&quot;jet_parallax_layout_z_index&quot;:&quot;&quot;,&quot;jet_parallax_layout_bg_x_tablet&quot;:&quot;&quot;,&quot;jet_parallax_layout_bg_x_mobile&quot;:&quot;&quot;,&quot;jet_parallax_layout_bg_y_tablet&quot;:&quot;&quot;,&quot;jet_parallax_layout_bg_y_mobile&quot;:&quot;&quot;,&quot;jet_parallax_layout_bg_size&quot;:&quot;auto&quot;,&quot;jet_parallax_layout_bg_size_tablet&quot;:&quot;&quot;,&quot;jet_parallax_layout_bg_size_mobile&quot;:&quot;&quot;,&quot;jet_parallax_layout_animation_prop&quot;:null}],&quot;background_background&quot;:&quot;classic&quot;,&quot;animation&quot;:&quot;none&quot;}\">\n\t\t\t\t\t\t<div class=\"elementor-container elementor-column-gap-default\">\n\t\t\t\t\t<div class=\"elementor-column elementor-col-50 elementor-top-column elementor-element elementor-element-4f3207bc\" data-id=\"4f3207bc\" data-element_type=\"column\" data-e-type=\"column\" data-settings=\"{&quot;animation&quot;:&quot;none&quot;}\">\n\t\t\t<div class=\"elementor-widget-wrap elementor-element-populated\">\n\t\t\t\t\t\t<div class=\"elementor-element elementor-element-2ec716e0 elementor-widget elementor-widget-image\" data-id=\"2ec716e0\" data-element_type=\"widget\" data-e-type=\"widget\" data-widget_type=\"image.default\">\n\t\t\t\t<div class=\"elementor-widget-container\">\n\t\t\t\t\t\t\t\t\t\t\t\t\t\t\t<img fetchpriority=\"high\" decoding=\"async\" width=\"300\" height=\"300\" src=\"https:\/\/bmgroupanodizzazione.com\/wp-content\/uploads\/2021\/10\/logo-ISO9001-300x300.jpg\" class=\"attachment-medium size-medium wp-image-3601\" alt=\"\" srcset=\"https:\/\/bmgroupanodizzazione.com\/wp-content\/uploads\/2021\/10\/logo-ISO9001-300x300.jpg 300w, https:\/\/bmgroupanodizzazione.com\/wp-content\/uploads\/2021\/10\/logo-ISO9001-150x150.jpg 150w, https:\/\/bmgroupanodizzazione.com\/wp-content\/uploads\/2021\/10\/logo-ISO9001.jpg 495w\" sizes=\"(max-width: 300px) 100vw, 300px\" \/>\t\t\t\t\t\t\t\t\t\t\t\t\t\t\t<\/div>\n\t\t\t\t<\/div>\n\t\t\t\t<div class=\"elementor-element elementor-element-4e513dca elementor-widget elementor-widget-spacer\" data-id=\"4e513dca\" data-element_type=\"widget\" data-e-type=\"widget\" data-widget_type=\"spacer.default\">\n\t\t\t\t<div class=\"elementor-widget-container\">\n\t\t\t\t\t\t\t<div class=\"elementor-spacer\">\n\t\t\t<div class=\"elementor-spacer-inner\"><\/div>\n\t\t<\/div>\n\t\t\t\t\t\t<\/div>\n\t\t\t\t<\/div>\n\t\t\t\t\t<\/div>\n\t\t<\/div>\n\t\t\t\t<div class=\"elementor-column elementor-col-50 elementor-top-column elementor-element elementor-element-1fddf50a\" data-id=\"1fddf50a\" data-element_type=\"column\" data-e-type=\"column\">\n\t\t\t<div class=\"elementor-widget-wrap elementor-element-populated\">\n\t\t\t\t\t\t<div class=\"elementor-element elementor-element-60a79b9 elementor-widget elementor-widget-text-editor\" data-id=\"60a79b9\" data-element_type=\"widget\" data-e-type=\"widget\" data-widget_type=\"text-editor.default\">\n\t\t\t\t<div class=\"elementor-widget-container\">\n\t\t\t\t\t\t\t\t\t<h2>ISO 9001 Qualit\u00e4t<\/h2>\t\t\t\t\t\t\t\t<\/div>\n\t\t\t\t<\/div>\n\t\t\t\t<div class=\"elementor-element elementor-element-c82074a elementor-widget elementor-widget-text-editor\" data-id=\"c82074a\" data-element_type=\"widget\" data-e-type=\"widget\" data-widget_type=\"text-editor.default\">\n\t\t\t\t<div class=\"elementor-widget-container\">\n\t\t\t\t\t\t\t\t\t<p>Das Ziel unseres Unternehmens ist, die\u00a0kontinuierliche\u00a0Verbesserung unserer Gesch\u00e4ftsorganisation und der angebotenen Dienstleistungen.<br \/>Um die Anfrage unserer Kunden zu erf\u00fcllen und im Hinblick auf\u00a0kontinuierliche Verbesserung,\u00a0wurde das Qualit\u00e4tsmanagementsystem von der Zertifierungsstelle ICIM gem\u00e4\u00df UNI EN ISO 9001: 2015 anerkannt.<br \/>\u00a0<br \/>Die Qualit\u00e4t unserer Behandlungen wird durch das Fachwissen qualifizierten technischen Personals garantiert, das den Kunden von der Angebotserstellung bis zum Verkauf begleiten, unterst\u00fctzen und beraten kann. Wir stellen das MOCA-Lebensmittelzertifikat aus.<\/p>\t\t\t\t\t\t\t\t<\/div>\n\t\t\t\t<\/div>\n\t\t\t\t\t<\/div>\n\t\t<\/div>\n\t\t\t\t\t<\/div>\n\t\t<\/section>\n\t\t\t\t<section class=\"elementor-section elementor-top-section elementor-element elementor-element-19ab512f elementor-section-boxed elementor-section-height-default elementor-section-height-default\" data-id=\"19ab512f\" data-element_type=\"section\" data-e-type=\"section\" data-settings=\"{&quot;jet_parallax_layout_list&quot;:[{&quot;_id&quot;:&quot;faad42b&quot;,&quot;jet_parallax_layout_image&quot;:{&quot;url&quot;:&quot;&quot;,&quot;id&quot;:&quot;&quot;,&quot;size&quot;:&quot;&quot;},&quot;jet_parallax_layout_image_tablet&quot;:{&quot;url&quot;:&quot;&quot;,&quot;id&quot;:&quot;&quot;,&quot;size&quot;:&quot;&quot;},&quot;jet_parallax_layout_image_mobile&quot;:{&quot;url&quot;:&quot;&quot;,&quot;id&quot;:&quot;&quot;,&quot;size&quot;:&quot;&quot;},&quot;jet_parallax_layout_speed&quot;:{&quot;unit&quot;:&quot;%&quot;,&quot;size&quot;:50,&quot;sizes&quot;:[]},&quot;jet_parallax_layout_type&quot;:&quot;scroll&quot;,&quot;jet_parallax_layout_direction&quot;:&quot;1&quot;,&quot;jet_parallax_layout_fx_direction&quot;:null,&quot;jet_parallax_layout_z_index&quot;:&quot;&quot;,&quot;jet_parallax_layout_bg_x&quot;:50,&quot;jet_parallax_layout_bg_x_tablet&quot;:&quot;&quot;,&quot;jet_parallax_layout_bg_x_mobile&quot;:&quot;&quot;,&quot;jet_parallax_layout_bg_y&quot;:50,&quot;jet_parallax_layout_bg_y_tablet&quot;:&quot;&quot;,&quot;jet_parallax_layout_bg_y_mobile&quot;:&quot;&quot;,&quot;jet_parallax_layout_bg_size&quot;:&quot;auto&quot;,&quot;jet_parallax_layout_bg_size_tablet&quot;:&quot;&quot;,&quot;jet_parallax_layout_bg_size_mobile&quot;:&quot;&quot;,&quot;jet_parallax_layout_animation_prop&quot;:&quot;transform&quot;,&quot;jet_parallax_layout_on&quot;:[&quot;desktop&quot;,&quot;tablet&quot;]}]}\">\n\t\t\t\t\t\t<div class=\"elementor-container elementor-column-gap-default\">\n\t\t\t\t\t<div class=\"elementor-column elementor-col-100 elementor-top-column elementor-element elementor-element-bf5cb11\" data-id=\"bf5cb11\" data-element_type=\"column\" data-e-type=\"column\">\n\t\t\t<div class=\"elementor-widget-wrap elementor-element-populated\">\n\t\t\t\t\t\t<div class=\"elementor-element elementor-element-6bfa969e elementor-widget elementor-widget-jet-images-layout\" data-id=\"6bfa969e\" data-element_type=\"widget\" data-e-type=\"widget\" data-settings=\"{&quot;columns&quot;:3}\" data-widget_type=\"jet-images-layout.default\">\n\t\t\t\t<div class=\"elementor-widget-container\">\n\t\t\t\t\t<div class=\"elementor-jet-images-layout jet-elements\">\n<div class=\"jet-images-layout layout-type-grid\" data-settings='{&quot;layoutType&quot;:&quot;grid&quot;,&quot;justifyHeight&quot;:300}'>\n\t<div class=\"jet-images-layout__list col-row disable-cols-gap disable-rows-gap column-desktop-3 column-tablet-2 column-mobile-1\" >\n<div class=\"jet-images-layout__item col-desk-3\">\n\t<div class=\"jet-images-layout__inner\">\n\t\t<div class=\"jet-images-layout__image-loader\"><span><\/span><\/div>\n\t\t<a class=\"jet-images-layout__link \" href=\"http:\/\/bmgroupanodizzazione.com\/wp-content\/uploads\/2021\/03\/DSC03331-1.jpg\" data-elementor-open-lightbox=\"yes\" data-elementor-lightbox-slideshow=\"6bfa969e\">\n\t\t\t<div class=\"jet-images-layout__image\">\n\t\t\t\t<img decoding=\"async\" class=\"jet-images-layout__image-instance\" src=\"https:\/\/bmgroupanodizzazione.com\/wp-content\/uploads\/2021\/03\/DSC03331-1.jpg\" alt=\"DSC03331.jpg\" loading=\"lazy\">\t\t\t<\/div>\n\t\t\t<div class=\"jet-images-layout__content\"><\/div>\n\t\t<\/a>\n\t<\/div>\n<\/div>\n<div class=\"jet-images-layout__item col-desk-3\">\n\t<div class=\"jet-images-layout__inner\">\n\t\t<div class=\"jet-images-layout__image-loader\"><span><\/span><\/div>\n\t\t<a class=\"jet-images-layout__link \" href=\"http:\/\/bmgroupanodizzazione.com\/wp-content\/uploads\/2021\/03\/rintracciabilita_01-2-1.jpg\" data-elementor-open-lightbox=\"yes\" data-elementor-lightbox-slideshow=\"6bfa969e\">\n\t\t\t<div class=\"jet-images-layout__image\">\n\t\t\t\t<img decoding=\"async\" class=\"jet-images-layout__image-instance\" src=\"https:\/\/bmgroupanodizzazione.com\/wp-content\/uploads\/2021\/03\/rintracciabilita_01-2-1.jpg\" alt=\"rintracciabilita_01-2.jpg\" loading=\"lazy\">\t\t\t<\/div>\n\t\t\t<div class=\"jet-images-layout__content\"><\/div>\n\t\t<\/a>\n\t<\/div>\n<\/div>\n<\/div><\/div>\n<\/div>\t\t\t\t<\/div>\n\t\t\t\t<\/div>\n\t\t\t\t\t<\/div>\n\t\t<\/div>\n\t\t\t\t\t<\/div>\n\t\t<\/section>\n\t\t\t\t<\/div>\n\t\t","protected":false},"excerpt":{"rendered":"<p>Qualit\u00e4t Home ISO 9001 Qualit\u00e4t Das Ziel unseres Unternehmens ist, die\u00a0kontinuierliche\u00a0Verbesserung unserer Gesch\u00e4ftsorganisation und der angebotenen Dienstleistungen.Um die Anfrage unserer Kunden zu erf\u00fcllen und im Hinblick auf\u00a0kontinuierliche Verbesserung,\u00a0wurde das Qualit\u00e4tsmanagementsystem von der Zertifierungsstelle ICIM gem\u00e4\u00df UNI EN ISO 9001: 2015 anerkannt.\u00a0Die Qualit\u00e4t unserer Behandlungen wird durch das Fachwissen qualifizierten technischen Personals garantiert, das den Kunden [&hellip;]<\/p>\n","protected":false},"author":4,"featured_media":0,"parent":0,"menu_order":0,"comment_status":"closed","ping_status":"closed","template":"elementor_header_footer","meta":{"_acf_changed":false,"footnotes":""},"class_list":["post-4001","page","type-page","status-publish","hentry"],"acf":[],"yoast_head":"<!-- This site is optimized with the Yoast SEO plugin v27.1.1 - https:\/\/yoast.com\/product\/yoast-seo-wordpress\/ -->\n<title>Qualit\u00e0 ISO 9001 | BM Anodizzazione Alluminio srl<\/title>\n<meta name=\"description\" content=\"L&#039;obiettivo della B.M. Group \u00e8 il costante perfezionamento dell&#039;organizzazione aziendale e dei servizi offerti.\" \/>\n<meta name=\"robots\" content=\"index, follow, max-snippet:-1, max-image-preview:large, max-video-preview:-1\" \/>\n<link rel=\"canonical\" href=\"https:\/\/bmgroupanodizzazione.com\/de\/qualita\/\" \/>\n<meta property=\"og:locale\" content=\"de_DE\" \/>\n<meta property=\"og:type\" content=\"article\" \/>\n<meta property=\"og:title\" content=\"Qualit\u00e0 ISO 9001 | BM Anodizzazione Alluminio srl\" \/>\n<meta property=\"og:description\" content=\"L&#039;obiettivo della B.M. Group \u00e8 il costante perfezionamento dell&#039;organizzazione aziendale e dei servizi offerti.\" \/>\n<meta property=\"og:url\" content=\"https:\/\/bmgroupanodizzazione.com\/de\/qualita\/\" \/>\n<meta property=\"og:site_name\" content=\"BM Anodizzazione\" \/>\n<meta property=\"article:modified_time\" content=\"2021-11-25T15:55:52+00:00\" \/>\n<meta property=\"og:image\" content=\"http:\/\/bmgroupanodizzazione.com\/wp-content\/uploads\/2021\/10\/logo-ISO9001-300x300.jpg\" \/>\n<meta name=\"twitter:card\" content=\"summary_large_image\" \/>\n<meta name=\"twitter:label1\" content=\"Gesch\u00e4tzte Lesezeit\" \/>\n\t<meta name=\"twitter:data1\" content=\"1\u00a0Minute\" \/>\n<script type=\"application\/ld+json\" class=\"yoast-schema-graph\">{\"@context\":\"https:\/\/schema.org\",\"@graph\":[{\"@type\":\"WebPage\",\"@id\":\"https:\/\/bmgroupanodizzazione.com\/de\/qualita\/\",\"url\":\"https:\/\/bmgroupanodizzazione.com\/de\/qualita\/\",\"name\":\"Qualit\u00e0 ISO 9001 | BM Anodizzazione Alluminio srl\",\"isPartOf\":{\"@id\":\"https:\/\/bmgroupanodizzazione.com\/de\/#website\"},\"primaryImageOfPage\":{\"@id\":\"https:\/\/bmgroupanodizzazione.com\/de\/qualita\/#primaryimage\"},\"image\":{\"@id\":\"https:\/\/bmgroupanodizzazione.com\/de\/qualita\/#primaryimage\"},\"thumbnailUrl\":\"http:\/\/bmgroupanodizzazione.com\/wp-content\/uploads\/2021\/10\/logo-ISO9001-300x300.jpg\",\"datePublished\":\"2021-03-22T14:06:09+00:00\",\"dateModified\":\"2021-11-25T15:55:52+00:00\",\"description\":\"L'obiettivo della B.M. Group \u00e8 il costante perfezionamento dell'organizzazione aziendale e dei servizi offerti.\",\"breadcrumb\":{\"@id\":\"https:\/\/bmgroupanodizzazione.com\/de\/qualita\/#breadcrumb\"},\"inLanguage\":\"de\",\"potentialAction\":[{\"@type\":\"ReadAction\",\"target\":[\"https:\/\/bmgroupanodizzazione.com\/de\/qualita\/\"]}]},{\"@type\":\"ImageObject\",\"inLanguage\":\"de\",\"@id\":\"https:\/\/bmgroupanodizzazione.com\/de\/qualita\/#primaryimage\",\"url\":\"http:\/\/bmgroupanodizzazione.com\/wp-content\/uploads\/2021\/10\/logo-ISO9001-300x300.jpg\",\"contentUrl\":\"http:\/\/bmgroupanodizzazione.com\/wp-content\/uploads\/2021\/10\/logo-ISO9001-300x300.jpg\"},{\"@type\":\"BreadcrumbList\",\"@id\":\"https:\/\/bmgroupanodizzazione.com\/de\/qualita\/#breadcrumb\",\"itemListElement\":[{\"@type\":\"ListItem\",\"position\":1,\"name\":\"Home\",\"item\":\"https:\/\/bmgroupanodizzazione.com\/de\/?lang=de\"},{\"@type\":\"ListItem\",\"position\":2,\"name\":\"Qualit\u00e4t\"}]},{\"@type\":\"WebSite\",\"@id\":\"https:\/\/bmgroupanodizzazione.com\/de\/#website\",\"url\":\"https:\/\/bmgroupanodizzazione.com\/de\/\",\"name\":\"BM Anodizzazione\",\"description\":\"Anodizzazione\",\"potentialAction\":[{\"@type\":\"SearchAction\",\"target\":{\"@type\":\"EntryPoint\",\"urlTemplate\":\"https:\/\/bmgroupanodizzazione.com\/de\/?s={search_term_string}\"},\"query-input\":{\"@type\":\"PropertyValueSpecification\",\"valueRequired\":true,\"valueName\":\"search_term_string\"}}],\"inLanguage\":\"de\"}]}<\/script>\n<!-- \/ Yoast SEO plugin. -->","yoast_head_json":{"title":"Qualit\u00e0 ISO 9001 | BM Anodizzazione Alluminio srl","description":"L'obiettivo della B.M. Group \u00e8 il costante perfezionamento dell'organizzazione aziendale e dei servizi offerti.","robots":{"index":"index","follow":"follow","max-snippet":"max-snippet:-1","max-image-preview":"max-image-preview:large","max-video-preview":"max-video-preview:-1"},"canonical":"https:\/\/bmgroupanodizzazione.com\/de\/qualita\/","og_locale":"de_DE","og_type":"article","og_title":"Qualit\u00e0 ISO 9001 | BM Anodizzazione Alluminio srl","og_description":"L'obiettivo della B.M. Group \u00e8 il costante perfezionamento dell'organizzazione aziendale e dei servizi offerti.","og_url":"https:\/\/bmgroupanodizzazione.com\/de\/qualita\/","og_site_name":"BM Anodizzazione","article_modified_time":"2021-11-25T15:55:52+00:00","og_image":[{"url":"http:\/\/bmgroupanodizzazione.com\/wp-content\/uploads\/2021\/10\/logo-ISO9001-300x300.jpg","type":"","width":"","height":""}],"twitter_card":"summary_large_image","twitter_misc":{"Gesch\u00e4tzte Lesezeit":"1\u00a0Minute"},"schema":{"@context":"https:\/\/schema.org","@graph":[{"@type":"WebPage","@id":"https:\/\/bmgroupanodizzazione.com\/de\/qualita\/","url":"https:\/\/bmgroupanodizzazione.com\/de\/qualita\/","name":"Qualit\u00e0 ISO 9001 | BM Anodizzazione Alluminio srl","isPartOf":{"@id":"https:\/\/bmgroupanodizzazione.com\/de\/#website"},"primaryImageOfPage":{"@id":"https:\/\/bmgroupanodizzazione.com\/de\/qualita\/#primaryimage"},"image":{"@id":"https:\/\/bmgroupanodizzazione.com\/de\/qualita\/#primaryimage"},"thumbnailUrl":"http:\/\/bmgroupanodizzazione.com\/wp-content\/uploads\/2021\/10\/logo-ISO9001-300x300.jpg","datePublished":"2021-03-22T14:06:09+00:00","dateModified":"2021-11-25T15:55:52+00:00","description":"L'obiettivo della B.M. Group \u00e8 il costante perfezionamento dell'organizzazione aziendale e dei servizi offerti.","breadcrumb":{"@id":"https:\/\/bmgroupanodizzazione.com\/de\/qualita\/#breadcrumb"},"inLanguage":"de","potentialAction":[{"@type":"ReadAction","target":["https:\/\/bmgroupanodizzazione.com\/de\/qualita\/"]}]},{"@type":"ImageObject","inLanguage":"de","@id":"https:\/\/bmgroupanodizzazione.com\/de\/qualita\/#primaryimage","url":"http:\/\/bmgroupanodizzazione.com\/wp-content\/uploads\/2021\/10\/logo-ISO9001-300x300.jpg","contentUrl":"http:\/\/bmgroupanodizzazione.com\/wp-content\/uploads\/2021\/10\/logo-ISO9001-300x300.jpg"},{"@type":"BreadcrumbList","@id":"https:\/\/bmgroupanodizzazione.com\/de\/qualita\/#breadcrumb","itemListElement":[{"@type":"ListItem","position":1,"name":"Home","item":"https:\/\/bmgroupanodizzazione.com\/de\/?lang=de"},{"@type":"ListItem","position":2,"name":"Qualit\u00e4t"}]},{"@type":"WebSite","@id":"https:\/\/bmgroupanodizzazione.com\/de\/#website","url":"https:\/\/bmgroupanodizzazione.com\/de\/","name":"BM Anodizzazione","description":"Anodizzazione","potentialAction":[{"@type":"SearchAction","target":{"@type":"EntryPoint","urlTemplate":"https:\/\/bmgroupanodizzazione.com\/de\/?s={search_term_string}"},"query-input":{"@type":"PropertyValueSpecification","valueRequired":true,"valueName":"search_term_string"}}],"inLanguage":"de"}]}},"_links":{"self":[{"href":"https:\/\/bmgroupanodizzazione.com\/de\/wp-json\/wp\/v2\/pages\/4001","targetHints":{"allow":["GET"]}}],"collection":[{"href":"https:\/\/bmgroupanodizzazione.com\/de\/wp-json\/wp\/v2\/pages"}],"about":[{"href":"https:\/\/bmgroupanodizzazione.com\/de\/wp-json\/wp\/v2\/types\/page"}],"author":[{"embeddable":true,"href":"https:\/\/bmgroupanodizzazione.com\/de\/wp-json\/wp\/v2\/users\/4"}],"replies":[{"embeddable":true,"href":"https:\/\/bmgroupanodizzazione.com\/de\/wp-json\/wp\/v2\/comments?post=4001"}],"version-history":[{"count":3,"href":"https:\/\/bmgroupanodizzazione.com\/de\/wp-json\/wp\/v2\/pages\/4001\/revisions"}],"predecessor-version":[{"id":4004,"href":"https:\/\/bmgroupanodizzazione.com\/de\/wp-json\/wp\/v2\/pages\/4001\/revisions\/4004"}],"wp:attachment":[{"href":"https:\/\/bmgroupanodizzazione.com\/de\/wp-json\/wp\/v2\/media?parent=4001"}],"curies":[{"name":"wp","href":"https:\/\/api.w.org\/{rel}","templated":true}]}}