{"id":3967,"date":"2021-03-23T10:40:56","date_gmt":"2021-03-23T09:40:56","guid":{"rendered":"http:\/\/bmgroupanodizzazione.com\/consulenza\/"},"modified":"2021-11-25T16:08:38","modified_gmt":"2021-11-25T15:08:38","slug":"consulenza","status":"publish","type":"page","link":"https:\/\/bmgroupanodizzazione.com\/de\/consulenza\/","title":{"rendered":"Consulenza"},"content":{"rendered":"\t\t<div data-elementor-type=\"wp-page\" data-elementor-id=\"3967\" class=\"elementor elementor-3967 elementor-1983\" data-elementor-post-type=\"page\">\n\t\t\t\t\t\t<section class=\"elementor-section elementor-top-section elementor-element elementor-element-6e376010 elementor-section-height-min-height elementor-section-items-stretch elementor-section-full_width elementor-section-height-default\" data-id=\"6e376010\" data-element_type=\"section\" data-e-type=\"section\" data-settings=\"{&quot;jet_parallax_layout_list&quot;:[{&quot;jet_parallax_layout_image&quot;:{&quot;url&quot;:&quot;&quot;,&quot;id&quot;:&quot;&quot;,&quot;size&quot;:&quot;&quot;},&quot;_id&quot;:&quot;c5f1fd7&quot;,&quot;jet_parallax_layout_speed&quot;:{&quot;unit&quot;:&quot;%&quot;,&quot;size&quot;:&quot;50&quot;,&quot;sizes&quot;:[]},&quot;jet_parallax_layout_bg_x&quot;:&quot;50&quot;,&quot;jet_parallax_layout_bg_y&quot;:&quot;50&quot;,&quot;jet_parallax_layout_image_tablet&quot;:{&quot;url&quot;:&quot;&quot;,&quot;id&quot;:&quot;&quot;,&quot;size&quot;:&quot;&quot;},&quot;jet_parallax_layout_image_mobile&quot;:{&quot;url&quot;:&quot;&quot;,&quot;id&quot;:&quot;&quot;,&quot;size&quot;:&quot;&quot;},&quot;jet_parallax_layout_type&quot;:&quot;scroll&quot;,&quot;jet_parallax_layout_direction&quot;:&quot;1&quot;,&quot;jet_parallax_layout_fx_direction&quot;:null,&quot;jet_parallax_layout_z_index&quot;:&quot;&quot;,&quot;jet_parallax_layout_bg_x_tablet&quot;:&quot;&quot;,&quot;jet_parallax_layout_bg_x_mobile&quot;:&quot;&quot;,&quot;jet_parallax_layout_bg_y_tablet&quot;:&quot;&quot;,&quot;jet_parallax_layout_bg_y_mobile&quot;:&quot;&quot;,&quot;jet_parallax_layout_bg_size&quot;:&quot;auto&quot;,&quot;jet_parallax_layout_bg_size_tablet&quot;:&quot;&quot;,&quot;jet_parallax_layout_bg_size_mobile&quot;:&quot;&quot;,&quot;jet_parallax_layout_animation_prop&quot;:&quot;transform&quot;,&quot;jet_parallax_layout_on&quot;:[&quot;desktop&quot;,&quot;tablet&quot;]}],&quot;background_background&quot;:&quot;classic&quot;}\">\n\t\t\t\t\t\t\t<div class=\"elementor-background-overlay\"><\/div>\n\t\t\t\t\t\t\t<div class=\"elementor-container elementor-column-gap-default\">\n\t\t\t\t\t<div class=\"elementor-column elementor-col-100 elementor-top-column elementor-element elementor-element-575b087b\" data-id=\"575b087b\" data-element_type=\"column\" data-e-type=\"column\">\n\t\t\t<div class=\"elementor-widget-wrap elementor-element-populated\">\n\t\t\t\t\t\t<div class=\"elementor-element elementor-element-5c4c134e elementor-widget elementor-widget-spacer\" data-id=\"5c4c134e\" data-element_type=\"widget\" data-e-type=\"widget\" data-widget_type=\"spacer.default\">\n\t\t\t\t<div class=\"elementor-widget-container\">\n\t\t\t\t\t\t\t<div class=\"elementor-spacer\">\n\t\t\t<div class=\"elementor-spacer-inner\"><\/div>\n\t\t<\/div>\n\t\t\t\t\t\t<\/div>\n\t\t\t\t<\/div>\n\t\t\t\t<div class=\"elementor-element elementor-element-422b380e elementor-mobile-align-center elementor-align-center elementor-widget elementor-widget-raven-heading\" data-id=\"422b380e\" data-element_type=\"widget\" data-e-type=\"widget\" data-widget_type=\"raven-heading.default\">\n\t\t\t\t<div class=\"elementor-widget-container\">\n\t\t\t\t\t\t\t<div class=\"raven-widget-wrapper\"><h1 class=\"raven-heading raven-heading-h1\"><span class=\"raven-heading-title \">Consulenza<\/span><\/h1><\/div>\n\t\t\t\t\t\t<\/div>\n\t\t\t\t<\/div>\n\t\t\t\t<div class=\"elementor-element elementor-element-fd1e7d8 elementor-mobile-align-center elementor-align-center elementor-widget elementor-widget-raven-breadcrumbs\" data-id=\"fd1e7d8\" data-element_type=\"widget\" data-e-type=\"widget\" data-widget_type=\"raven-breadcrumbs.default\">\n\t\t\t\t<div class=\"elementor-widget-container\">\n\t\t\t\t\t<div class=\"raven-breadcrumbs raven-breadcrumbs-default\"><div class=\"breadcrumb\">\t\t\t\t<div class=\"breadcrumb-item active\" aria-current=\"page\"><span>Home<\/span><\/div>\n\n\t\t\t\t<\/div><\/div>\t\t\t\t<\/div>\n\t\t\t\t<\/div>\n\t\t\t\t\t<\/div>\n\t\t<\/div>\n\t\t\t\t\t<\/div>\n\t\t<\/section>\n\t\t\t\t<section class=\"elementor-section elementor-top-section elementor-element elementor-element-e637934 elementor-section-boxed elementor-section-height-default elementor-section-height-default\" data-id=\"e637934\" data-element_type=\"section\" data-e-type=\"section\" data-settings=\"{&quot;jet_parallax_layout_list&quot;:[{&quot;jet_parallax_layout_image&quot;:{&quot;url&quot;:&quot;&quot;,&quot;id&quot;:&quot;&quot;,&quot;size&quot;:&quot;&quot;},&quot;_id&quot;:&quot;f5f2596&quot;,&quot;jet_parallax_layout_speed&quot;:{&quot;unit&quot;:&quot;%&quot;,&quot;size&quot;:100,&quot;sizes&quot;:[]},&quot;jet_parallax_layout_bg_x&quot;:&quot;50&quot;,&quot;jet_parallax_layout_bg_y&quot;:&quot;50&quot;,&quot;jet_parallax_layout_type&quot;:&quot;none&quot;,&quot;jet_parallax_layout_on&quot;:[],&quot;jet_parallax_layout_image_tablet&quot;:{&quot;url&quot;:&quot;&quot;,&quot;id&quot;:&quot;&quot;,&quot;size&quot;:&quot;&quot;},&quot;jet_parallax_layout_image_mobile&quot;:{&quot;url&quot;:&quot;&quot;,&quot;id&quot;:&quot;&quot;,&quot;size&quot;:&quot;&quot;},&quot;jet_parallax_layout_direction&quot;:null,&quot;jet_parallax_layout_fx_direction&quot;:null,&quot;jet_parallax_layout_z_index&quot;:&quot;&quot;,&quot;jet_parallax_layout_bg_x_tablet&quot;:&quot;&quot;,&quot;jet_parallax_layout_bg_x_mobile&quot;:&quot;&quot;,&quot;jet_parallax_layout_bg_y_tablet&quot;:&quot;&quot;,&quot;jet_parallax_layout_bg_y_mobile&quot;:&quot;&quot;,&quot;jet_parallax_layout_bg_size&quot;:&quot;auto&quot;,&quot;jet_parallax_layout_bg_size_tablet&quot;:&quot;&quot;,&quot;jet_parallax_layout_bg_size_mobile&quot;:&quot;&quot;,&quot;jet_parallax_layout_animation_prop&quot;:null}],&quot;background_background&quot;:&quot;classic&quot;,&quot;animation&quot;:&quot;none&quot;}\">\n\t\t\t\t\t\t<div class=\"elementor-container elementor-column-gap-default\">\n\t\t\t\t\t<div class=\"elementor-column elementor-col-50 elementor-top-column elementor-element elementor-element-4317675 elementor-hidden-tablet elementor-hidden-phone\" data-id=\"4317675\" data-element_type=\"column\" data-e-type=\"column\" data-settings=\"{&quot;animation&quot;:&quot;none&quot;}\">\n\t\t\t<div class=\"elementor-widget-wrap elementor-element-populated\">\n\t\t\t\t\t\t<div class=\"elementor-element elementor-element-e35c00f elementor-widget elementor-widget-image\" data-id=\"e35c00f\" data-element_type=\"widget\" data-e-type=\"widget\" data-widget_type=\"image.default\">\n\t\t\t\t<div class=\"elementor-widget-container\">\n\t\t\t\t\t\t\t\t\t\t\t\t\t\t\t<img fetchpriority=\"high\" decoding=\"async\" width=\"900\" height=\"1024\" src=\"https:\/\/bmgroupanodizzazione.com\/wp-content\/uploads\/2021\/10\/foto-con-barra-rossa.jpg\" class=\"attachment-large size-large wp-image-3540\" alt=\"\" srcset=\"https:\/\/bmgroupanodizzazione.com\/wp-content\/uploads\/2021\/10\/foto-con-barra-rossa.jpg 900w, https:\/\/bmgroupanodizzazione.com\/wp-content\/uploads\/2021\/10\/foto-con-barra-rossa-264x300.jpg 264w, https:\/\/bmgroupanodizzazione.com\/wp-content\/uploads\/2021\/10\/foto-con-barra-rossa-768x874.jpg 768w\" sizes=\"(max-width: 900px) 100vw, 900px\" \/>\t\t\t\t\t\t\t\t\t\t\t\t\t\t\t<\/div>\n\t\t\t\t<\/div>\n\t\t\t\t<div class=\"elementor-element elementor-element-43163f4 elementor-widget elementor-widget-spacer\" data-id=\"43163f4\" data-element_type=\"widget\" data-e-type=\"widget\" data-widget_type=\"spacer.default\">\n\t\t\t\t<div class=\"elementor-widget-container\">\n\t\t\t\t\t\t\t<div class=\"elementor-spacer\">\n\t\t\t<div class=\"elementor-spacer-inner\"><\/div>\n\t\t<\/div>\n\t\t\t\t\t\t<\/div>\n\t\t\t\t<\/div>\n\t\t\t\t\t<\/div>\n\t\t<\/div>\n\t\t\t\t<div class=\"elementor-column elementor-col-50 elementor-top-column elementor-element elementor-element-1d30561\" data-id=\"1d30561\" data-element_type=\"column\" data-e-type=\"column\">\n\t\t\t<div class=\"elementor-widget-wrap elementor-element-populated\">\n\t\t\t\t\t\t<div class=\"elementor-element elementor-element-5f3cea8 elementor-widget elementor-widget-text-editor\" data-id=\"5f3cea8\" data-element_type=\"widget\" data-e-type=\"widget\" data-widget_type=\"text-editor.default\">\n\t\t\t\t<div class=\"elementor-widget-container\">\n\t\t\t\t\t\t\t\t\t<h2>Beratung<\/h2>\t\t\t\t\t\t\t\t<\/div>\n\t\t\t\t<\/div>\n\t\t\t\t<div class=\"elementor-element elementor-element-e05b2a9 elementor-hidden-desktop elementor-widget elementor-widget-image\" data-id=\"e05b2a9\" data-element_type=\"widget\" data-e-type=\"widget\" data-widget_type=\"image.default\">\n\t\t\t\t<div class=\"elementor-widget-container\">\n\t\t\t\t\t\t\t\t\t\t\t\t\t\t\t<img decoding=\"async\" width=\"1024\" height=\"682\" src=\"https:\/\/bmgroupanodizzazione.com\/wp-content\/uploads\/2021\/10\/consulenza-mobile-1024x682.jpg\" class=\"attachment-large size-large wp-image-3543\" alt=\"\" srcset=\"https:\/\/bmgroupanodizzazione.com\/wp-content\/uploads\/2021\/10\/consulenza-mobile-1024x682.jpg 1024w, https:\/\/bmgroupanodizzazione.com\/wp-content\/uploads\/2021\/10\/consulenza-mobile-300x200.jpg 300w, https:\/\/bmgroupanodizzazione.com\/wp-content\/uploads\/2021\/10\/consulenza-mobile-768x512.jpg 768w, https:\/\/bmgroupanodizzazione.com\/wp-content\/uploads\/2021\/10\/consulenza-mobile.jpg 1142w\" sizes=\"(max-width: 1024px) 100vw, 1024px\" \/>\t\t\t\t\t\t\t\t\t\t\t\t\t\t\t<\/div>\n\t\t\t\t<\/div>\n\t\t\t\t<div class=\"elementor-element elementor-element-0b3ff35 elementor-widget elementor-widget-text-editor\" data-id=\"0b3ff35\" data-element_type=\"widget\" data-e-type=\"widget\" data-widget_type=\"text-editor.default\">\n\t\t\t\t<div class=\"elementor-widget-container\">\n\t\t\t\t\t\t\t\t\t<p style=\"text-align: left;\">Die Firma BM bietet eine 40-j\u00e4hrige Erfahrung, die wir unseren Kunden zur Verf\u00fcgung stellen, indem wir ihnen eine angemessene Beratung, kostenlose Angebote und die maximale Verf\u00fcgbarkeit bieten, so dass ein pers\u00f6nlich abgestimmter Service garantiert wird, der in der Lage ist, jeden Anspruch zu befriedigen.<br \/>Um ein optimales Anodisierungsergebnis zu erzielen, ist die\u00a0Wahl der Legierung, die man anodisieren will, von au\u00dferordentlicher Bedeutung Nicht alle Legierungen sind f\u00fcr ein Oxidationsverfahren geeignet. Es wird empfohlen, stets die UNI-Tabellen zu Rate zu ziehen, die sich auf die Klassifikation der Legierungen bezieht<br \/>Die notwendige Verarbeitungstypologie, die anhand verschiedener Faktoren von \u00e4sthetischen Anspr\u00fcchen bis hin zum Marinebereich festgelegt wird, wird im Voraus mit dem Kunden abgesprochen. Es werden au\u00dferdem die Lieferzeiten und die Lieferbedingungen vereinbart,\u00a0die sich in der Regel auf 3-5 Arbeitstage und im Falle von dringenden F\u00e4llen auf 24 Stunden belaufen.<br \/>Abholungen und Lieferungen mit unseren Fahrzeugen und mit vertragsgebundenen Kurierfahrern.<\/p>\t\t\t\t\t\t\t\t<\/div>\n\t\t\t\t<\/div>\n\t\t\t\t\t<\/div>\n\t\t<\/div>\n\t\t\t\t\t<\/div>\n\t\t<\/section>\n\t\t\t\t<section class=\"elementor-section elementor-top-section elementor-element elementor-element-7c70bb9 elementor-section-boxed elementor-section-height-default elementor-section-height-default\" data-id=\"7c70bb9\" data-element_type=\"section\" data-e-type=\"section\" data-settings=\"{&quot;jet_parallax_layout_list&quot;:[{&quot;jet_parallax_layout_image&quot;:{&quot;url&quot;:&quot;&quot;,&quot;id&quot;:&quot;&quot;,&quot;size&quot;:&quot;&quot;},&quot;_id&quot;:&quot;e26a4ff&quot;,&quot;jet_parallax_layout_image_tablet&quot;:{&quot;url&quot;:&quot;&quot;,&quot;id&quot;:&quot;&quot;,&quot;size&quot;:&quot;&quot;},&quot;jet_parallax_layout_image_mobile&quot;:{&quot;url&quot;:&quot;&quot;,&quot;id&quot;:&quot;&quot;,&quot;size&quot;:&quot;&quot;},&quot;jet_parallax_layout_speed&quot;:{&quot;unit&quot;:&quot;%&quot;,&quot;size&quot;:50,&quot;sizes&quot;:[]},&quot;jet_parallax_layout_type&quot;:&quot;scroll&quot;,&quot;jet_parallax_layout_direction&quot;:&quot;1&quot;,&quot;jet_parallax_layout_fx_direction&quot;:null,&quot;jet_parallax_layout_z_index&quot;:&quot;&quot;,&quot;jet_parallax_layout_bg_x&quot;:50,&quot;jet_parallax_layout_bg_x_tablet&quot;:&quot;&quot;,&quot;jet_parallax_layout_bg_x_mobile&quot;:&quot;&quot;,&quot;jet_parallax_layout_bg_y&quot;:50,&quot;jet_parallax_layout_bg_y_tablet&quot;:&quot;&quot;,&quot;jet_parallax_layout_bg_y_mobile&quot;:&quot;&quot;,&quot;jet_parallax_layout_bg_size&quot;:&quot;auto&quot;,&quot;jet_parallax_layout_bg_size_tablet&quot;:&quot;&quot;,&quot;jet_parallax_layout_bg_size_mobile&quot;:&quot;&quot;,&quot;jet_parallax_layout_animation_prop&quot;:&quot;transform&quot;,&quot;jet_parallax_layout_on&quot;:[&quot;desktop&quot;,&quot;tablet&quot;]}]}\">\n\t\t\t\t\t\t<div class=\"elementor-container elementor-column-gap-default\">\n\t\t\t\t\t<div class=\"elementor-column elementor-col-100 elementor-top-column elementor-element elementor-element-003ec33\" data-id=\"003ec33\" data-element_type=\"column\" data-e-type=\"column\">\n\t\t\t<div class=\"elementor-widget-wrap elementor-element-populated\">\n\t\t\t\t\t\t<div class=\"elementor-element elementor-element-c22a684 elementor-widget elementor-widget-jet-images-layout\" data-id=\"c22a684\" data-element_type=\"widget\" data-e-type=\"widget\" data-settings=\"{&quot;columns&quot;:&quot;3&quot;}\" data-widget_type=\"jet-images-layout.default\">\n\t\t\t\t<div class=\"elementor-widget-container\">\n\t\t\t\t\t<div class=\"elementor-jet-images-layout jet-elements\">\n<div class=\"jet-images-layout layout-type-grid\" data-settings='{&quot;layoutType&quot;:&quot;grid&quot;,&quot;justifyHeight&quot;:300}'>\n\t<div class=\"jet-images-layout__list col-row disable-cols-gap disable-rows-gap column-desktop-3 column-tablet-2 column-mobile-1\" >\n<div class=\"jet-images-layout__item col-desk-3\">\n\t<div class=\"jet-images-layout__inner\">\n\t\t<div class=\"jet-images-layout__image-loader\"><span><\/span><\/div>\n\t\t<a class=\"jet-images-layout__link \" href=\"http:\/\/bmgroupanodizzazione.com\/wp-content\/uploads\/2021\/03\/02_silvano.jpg\" data-elementor-open-lightbox=\"yes\" data-elementor-lightbox-slideshow=\"c22a684\">\n\t\t\t<div class=\"jet-images-layout__image\">\n\t\t\t\t<img decoding=\"async\" class=\"jet-images-layout__image-instance\" src=\"https:\/\/bmgroupanodizzazione.com\/wp-content\/uploads\/2021\/03\/02_silvano.jpg\" alt=\"SONY DSC\" loading=\"lazy\">\t\t\t<\/div>\n\t\t\t<div class=\"jet-images-layout__content\"><\/div>\n\t\t<\/a>\n\t<\/div>\n<\/div>\n<div class=\"jet-images-layout__item col-desk-3\">\n\t<div class=\"jet-images-layout__inner\">\n\t\t<div class=\"jet-images-layout__image-loader\"><span><\/span><\/div>\n\t\t<a class=\"jet-images-layout__link \" href=\"http:\/\/bmgroupanodizzazione.com\/wp-content\/uploads\/2021\/03\/consulenza_00.jpg\" data-elementor-open-lightbox=\"yes\" data-elementor-lightbox-slideshow=\"c22a684\">\n\t\t\t<div class=\"jet-images-layout__image\">\n\t\t\t\t<img decoding=\"async\" class=\"jet-images-layout__image-instance\" src=\"https:\/\/bmgroupanodizzazione.com\/wp-content\/uploads\/2021\/03\/consulenza_00.jpg\" alt=\"consulenza_00\" loading=\"lazy\">\t\t\t<\/div>\n\t\t\t<div class=\"jet-images-layout__content\"><\/div>\n\t\t<\/a>\n\t<\/div>\n<\/div>\n<\/div><\/div>\n<\/div>\t\t\t\t<\/div>\n\t\t\t\t<\/div>\n\t\t\t\t\t<\/div>\n\t\t<\/div>\n\t\t\t\t\t<\/div>\n\t\t<\/section>\n\t\t\t\t<\/div>\n\t\t","protected":false},"excerpt":{"rendered":"<p>Consulenza Home Beratung Die Firma BM bietet eine 40-j\u00e4hrige Erfahrung, die wir unseren Kunden zur Verf\u00fcgung stellen, indem wir ihnen eine angemessene Beratung, kostenlose Angebote und die maximale Verf\u00fcgbarkeit bieten, so dass ein pers\u00f6nlich abgestimmter Service garantiert wird, der in der Lage ist, jeden Anspruch zu befriedigen.Um ein optimales Anodisierungsergebnis zu erzielen, ist die\u00a0Wahl der [&hellip;]<\/p>\n","protected":false},"author":4,"featured_media":0,"parent":0,"menu_order":0,"comment_status":"closed","ping_status":"closed","template":"elementor_header_footer","meta":{"_acf_changed":false,"footnotes":""},"class_list":["post-3967","page","type-page","status-publish","hentry"],"acf":[],"yoast_head":"<!-- This site is optimized with the Yoast SEO plugin v27.1.1 - https:\/\/yoast.com\/product\/yoast-seo-wordpress\/ -->\n<title>Consulenza | BM Anodizzazione Alluminio srl<\/title>\n<meta name=\"description\" content=\"La ditta BM offre un&#039;esperienza di ben 40 anni che mettiamo a disposizione dei nostri clienti offrendo consulenza\" \/>\n<meta name=\"robots\" content=\"index, follow, max-snippet:-1, max-image-preview:large, max-video-preview:-1\" \/>\n<link rel=\"canonical\" href=\"https:\/\/bmgroupanodizzazione.com\/de\/consulenza\/\" \/>\n<meta property=\"og:locale\" content=\"de_DE\" \/>\n<meta property=\"og:type\" content=\"article\" \/>\n<meta property=\"og:title\" content=\"Consulenza | BM Anodizzazione Alluminio srl\" \/>\n<meta property=\"og:description\" content=\"La ditta BM offre un&#039;esperienza di ben 40 anni che mettiamo a disposizione dei nostri clienti offrendo consulenza\" \/>\n<meta property=\"og:url\" content=\"https:\/\/bmgroupanodizzazione.com\/de\/consulenza\/\" \/>\n<meta property=\"og:site_name\" content=\"BM Anodizzazione\" \/>\n<meta property=\"article:modified_time\" content=\"2021-11-25T15:08:38+00:00\" \/>\n<meta property=\"og:image\" content=\"http:\/\/bmgroupanodizzazione.com\/wp-content\/uploads\/2021\/10\/foto-con-barra-rossa.jpg\" \/>\n<meta name=\"twitter:card\" content=\"summary_large_image\" \/>\n<meta name=\"twitter:label1\" content=\"Gesch\u00e4tzte Lesezeit\" \/>\n\t<meta name=\"twitter:data1\" content=\"2\u00a0Minuten\" \/>\n<script type=\"application\/ld+json\" class=\"yoast-schema-graph\">{\"@context\":\"https:\/\/schema.org\",\"@graph\":[{\"@type\":\"WebPage\",\"@id\":\"https:\/\/bmgroupanodizzazione.com\/de\/consulenza\/\",\"url\":\"https:\/\/bmgroupanodizzazione.com\/de\/consulenza\/\",\"name\":\"Consulenza | BM Anodizzazione Alluminio srl\",\"isPartOf\":{\"@id\":\"https:\/\/bmgroupanodizzazione.com\/de\/#website\"},\"primaryImageOfPage\":{\"@id\":\"https:\/\/bmgroupanodizzazione.com\/de\/consulenza\/#primaryimage\"},\"image\":{\"@id\":\"https:\/\/bmgroupanodizzazione.com\/de\/consulenza\/#primaryimage\"},\"thumbnailUrl\":\"http:\/\/bmgroupanodizzazione.com\/wp-content\/uploads\/2021\/10\/foto-con-barra-rossa.jpg\",\"datePublished\":\"2021-03-23T09:40:56+00:00\",\"dateModified\":\"2021-11-25T15:08:38+00:00\",\"description\":\"La ditta BM offre un'esperienza di ben 40 anni che mettiamo a disposizione dei nostri clienti offrendo consulenza\",\"breadcrumb\":{\"@id\":\"https:\/\/bmgroupanodizzazione.com\/de\/consulenza\/#breadcrumb\"},\"inLanguage\":\"de\",\"potentialAction\":[{\"@type\":\"ReadAction\",\"target\":[\"https:\/\/bmgroupanodizzazione.com\/de\/consulenza\/\"]}]},{\"@type\":\"ImageObject\",\"inLanguage\":\"de\",\"@id\":\"https:\/\/bmgroupanodizzazione.com\/de\/consulenza\/#primaryimage\",\"url\":\"http:\/\/bmgroupanodizzazione.com\/wp-content\/uploads\/2021\/10\/foto-con-barra-rossa.jpg\",\"contentUrl\":\"http:\/\/bmgroupanodizzazione.com\/wp-content\/uploads\/2021\/10\/foto-con-barra-rossa.jpg\"},{\"@type\":\"BreadcrumbList\",\"@id\":\"https:\/\/bmgroupanodizzazione.com\/de\/consulenza\/#breadcrumb\",\"itemListElement\":[{\"@type\":\"ListItem\",\"position\":1,\"name\":\"Home\",\"item\":\"https:\/\/bmgroupanodizzazione.com\/de\/?lang=de\"},{\"@type\":\"ListItem\",\"position\":2,\"name\":\"Consulenza\"}]},{\"@type\":\"WebSite\",\"@id\":\"https:\/\/bmgroupanodizzazione.com\/de\/#website\",\"url\":\"https:\/\/bmgroupanodizzazione.com\/de\/\",\"name\":\"BM Anodizzazione\",\"description\":\"Anodizzazione\",\"potentialAction\":[{\"@type\":\"SearchAction\",\"target\":{\"@type\":\"EntryPoint\",\"urlTemplate\":\"https:\/\/bmgroupanodizzazione.com\/de\/?s={search_term_string}\"},\"query-input\":{\"@type\":\"PropertyValueSpecification\",\"valueRequired\":true,\"valueName\":\"search_term_string\"}}],\"inLanguage\":\"de\"}]}<\/script>\n<!-- \/ Yoast SEO plugin. -->","yoast_head_json":{"title":"Consulenza | BM Anodizzazione Alluminio srl","description":"La ditta BM offre un'esperienza di ben 40 anni che mettiamo a disposizione dei nostri clienti offrendo consulenza","robots":{"index":"index","follow":"follow","max-snippet":"max-snippet:-1","max-image-preview":"max-image-preview:large","max-video-preview":"max-video-preview:-1"},"canonical":"https:\/\/bmgroupanodizzazione.com\/de\/consulenza\/","og_locale":"de_DE","og_type":"article","og_title":"Consulenza | BM Anodizzazione Alluminio srl","og_description":"La ditta BM offre un'esperienza di ben 40 anni che mettiamo a disposizione dei nostri clienti offrendo consulenza","og_url":"https:\/\/bmgroupanodizzazione.com\/de\/consulenza\/","og_site_name":"BM Anodizzazione","article_modified_time":"2021-11-25T15:08:38+00:00","og_image":[{"url":"http:\/\/bmgroupanodizzazione.com\/wp-content\/uploads\/2021\/10\/foto-con-barra-rossa.jpg","type":"","width":"","height":""}],"twitter_card":"summary_large_image","twitter_misc":{"Gesch\u00e4tzte Lesezeit":"2\u00a0Minuten"},"schema":{"@context":"https:\/\/schema.org","@graph":[{"@type":"WebPage","@id":"https:\/\/bmgroupanodizzazione.com\/de\/consulenza\/","url":"https:\/\/bmgroupanodizzazione.com\/de\/consulenza\/","name":"Consulenza | BM Anodizzazione Alluminio srl","isPartOf":{"@id":"https:\/\/bmgroupanodizzazione.com\/de\/#website"},"primaryImageOfPage":{"@id":"https:\/\/bmgroupanodizzazione.com\/de\/consulenza\/#primaryimage"},"image":{"@id":"https:\/\/bmgroupanodizzazione.com\/de\/consulenza\/#primaryimage"},"thumbnailUrl":"http:\/\/bmgroupanodizzazione.com\/wp-content\/uploads\/2021\/10\/foto-con-barra-rossa.jpg","datePublished":"2021-03-23T09:40:56+00:00","dateModified":"2021-11-25T15:08:38+00:00","description":"La ditta BM offre un'esperienza di ben 40 anni che mettiamo a disposizione dei nostri clienti offrendo consulenza","breadcrumb":{"@id":"https:\/\/bmgroupanodizzazione.com\/de\/consulenza\/#breadcrumb"},"inLanguage":"de","potentialAction":[{"@type":"ReadAction","target":["https:\/\/bmgroupanodizzazione.com\/de\/consulenza\/"]}]},{"@type":"ImageObject","inLanguage":"de","@id":"https:\/\/bmgroupanodizzazione.com\/de\/consulenza\/#primaryimage","url":"http:\/\/bmgroupanodizzazione.com\/wp-content\/uploads\/2021\/10\/foto-con-barra-rossa.jpg","contentUrl":"http:\/\/bmgroupanodizzazione.com\/wp-content\/uploads\/2021\/10\/foto-con-barra-rossa.jpg"},{"@type":"BreadcrumbList","@id":"https:\/\/bmgroupanodizzazione.com\/de\/consulenza\/#breadcrumb","itemListElement":[{"@type":"ListItem","position":1,"name":"Home","item":"https:\/\/bmgroupanodizzazione.com\/de\/?lang=de"},{"@type":"ListItem","position":2,"name":"Consulenza"}]},{"@type":"WebSite","@id":"https:\/\/bmgroupanodizzazione.com\/de\/#website","url":"https:\/\/bmgroupanodizzazione.com\/de\/","name":"BM Anodizzazione","description":"Anodizzazione","potentialAction":[{"@type":"SearchAction","target":{"@type":"EntryPoint","urlTemplate":"https:\/\/bmgroupanodizzazione.com\/de\/?s={search_term_string}"},"query-input":{"@type":"PropertyValueSpecification","valueRequired":true,"valueName":"search_term_string"}}],"inLanguage":"de"}]}},"_links":{"self":[{"href":"https:\/\/bmgroupanodizzazione.com\/de\/wp-json\/wp\/v2\/pages\/3967","targetHints":{"allow":["GET"]}}],"collection":[{"href":"https:\/\/bmgroupanodizzazione.com\/de\/wp-json\/wp\/v2\/pages"}],"about":[{"href":"https:\/\/bmgroupanodizzazione.com\/de\/wp-json\/wp\/v2\/types\/page"}],"author":[{"embeddable":true,"href":"https:\/\/bmgroupanodizzazione.com\/de\/wp-json\/wp\/v2\/users\/4"}],"replies":[{"embeddable":true,"href":"https:\/\/bmgroupanodizzazione.com\/de\/wp-json\/wp\/v2\/comments?post=3967"}],"version-history":[{"count":3,"href":"https:\/\/bmgroupanodizzazione.com\/de\/wp-json\/wp\/v2\/pages\/3967\/revisions"}],"predecessor-version":[{"id":3970,"href":"https:\/\/bmgroupanodizzazione.com\/de\/wp-json\/wp\/v2\/pages\/3967\/revisions\/3970"}],"wp:attachment":[{"href":"https:\/\/bmgroupanodizzazione.com\/de\/wp-json\/wp\/v2\/media?parent=3967"}],"curies":[{"name":"wp","href":"https:\/\/api.w.org\/{rel}","templated":true}]}}